{"id":28,"date":"2025-01-05T13:46:27","date_gmt":"2025-01-05T13:46:27","guid":{"rendered":"http:\/\/marlongrohn.de\/?page_id=28"},"modified":"2026-04-29T15:35:53","modified_gmt":"2026-04-29T15:35:53","slug":"lesungen-vortrage","status":"publish","type":"page","link":"http:\/\/marlongrohn.de\/","title":{"rendered":"Lesungen &#038; Vortr\u00e4ge"},"content":{"rendered":"\n<p>10.10.2026: K\u00f6ln <br>Symposion: Was ist Imperialismus heute?<br>Ort: B\u00fcrgerzentrum Nippes, Turmstr. 3-5, 50733 K\u00f6ln<br>14-18 Uhr <\/p>\n\n\n\n<p><\/p>\n\n\n\n<p>11.10.2025: Darmstadt<br>Vortrag: Was ist Imperialismus heute?<br>Veranstalter: Rosa Luxemburg Club <br>Ort: Linkstreff <br>18 Uhr<\/p>\n\n\n\n<p>01.11.2025: Berlin<br>\u201eImperialismus ist nicht, wenn einer ein Panzerschiff hat\u201c. Peter Hacks zu aktuellen Fragen und Irrt\u00fcmern.<br>Tagung der&nbsp;<a href=\"https:\/\/www.peter-hacks-gesellschaft.de\/tagung\/programm.html\">Peter Hacks-Gesellschaft<\/a><br>Ort: Helle Panke, Kopenhagener Str.9, Berlin <br>12.00 Uhr<\/p>\n\n\n\n<p>29.03.2025: K\u00f6ln<br>Symposion zu Hegels &#8220;Sch\u00f6ner Seele&#8221; und ihr Verh\u00e4ltnis zum B\u00f6sen. <br>B\u00fcrgerzentrum Nippes, Turmstr. 3-5, 50733 K\u00f6ln, Unterrichtsraum.<br>14-18 Uhr<br><a href=\"https:\/\/www.club-dialektik.de\">https:\/\/www.club-dialektik.de<\/a><br><\/p>\n\n\n\n<p>25.01.2025: Wien<br>Lesung aus \u201eHass von oben\u201d &amp; neuen Texten<br><strong>ERDSTALL<\/strong><br>Adresse auf Anfrage<br>1150 Wien<br>19 Uhr<br><a href=\"mailto:nomadisme@riseup.net\">nomadisme@riseup.net<\/a><br><a rel=\"noreferrer noopener\" href=\"https:\/\/www.instagram.com\/bookiniste.1150\" target=\"_blank\">www.instagram.com\/bookiniste.1150<\/a><\/p>\n\n\n\n<p><br><\/p>\n\n\n\n<p><a href=\"https:\/\/www.club-dialektik.de\/B%C3%BCrgerzentrum_Nippes,_Turmstr._3-5,_50733_K%C3%B6ln,_Unterrichtsraum#mw-head\"><\/a><a href=\"https:\/\/www.club-dialektik.de\/B%C3%BCrgerzentrum_Nippes,_Turmstr._3-5,_50733_K%C3%B6ln,_Unterrichtsraum#p-search\"><\/a><\/p>\n","protected":false},"excerpt":{"rendered":"<p>10.10.2026: K\u00f6ln Symposion: Was ist Imperialismus heute?Ort: B\u00fcrgerzentrum Nippes, Turmstr. 3-5, 50733 K\u00f6ln14-18 Uhr 11.10.2025: DarmstadtVortrag: Was ist Imperialismus heute?Veranstalter: Rosa Luxemburg Club Ort: Linkstreff 18 Uhr 01.11.2025: Berlin\u201eImperialismus ist nicht, wenn einer ein Panzerschiff hat\u201c. Peter Hacks zu aktuellen Fragen und Irrt\u00fcmern.Tagung der&nbsp;Peter Hacks-GesellschaftOrt: Helle Panke, Kopenhagener Str.9, Berlin 12.00 Uhr 29.03.2025: K\u00f6lnSymposion zu [&hellip;]<\/p>\n","protected":false},"author":1,"featured_media":0,"parent":0,"menu_order":0,"comment_status":"closed","ping_status":"closed","template":"","meta":{"footnotes":""},"_links":{"self":[{"href":"http:\/\/marlongrohn.de\/index.php?rest_route=\/wp\/v2\/pages\/28"}],"collection":[{"href":"http:\/\/marlongrohn.de\/index.php?rest_route=\/wp\/v2\/pages"}],"about":[{"href":"http:\/\/marlongrohn.de\/index.php?rest_route=\/wp\/v2\/types\/page"}],"author":[{"embeddable":true,"href":"http:\/\/marlongrohn.de\/index.php?rest_route=\/wp\/v2\/users\/1"}],"replies":[{"embeddable":true,"href":"http:\/\/marlongrohn.de\/index.php?rest_route=%2Fwp%2Fv2%2Fcomments&post=28"}],"version-history":[{"count":15,"href":"http:\/\/marlongrohn.de\/index.php?rest_route=\/wp\/v2\/pages\/28\/revisions"}],"predecessor-version":[{"id":88,"href":"http:\/\/marlongrohn.de\/index.php?rest_route=\/wp\/v2\/pages\/28\/revisions\/88"}],"wp:attachment":[{"href":"http:\/\/marlongrohn.de\/index.php?rest_route=%2Fwp%2Fv2%2Fmedia&parent=28"}],"curies":[{"name":"wp","href":"https:\/\/api.w.org\/{rel}","templated":true}]}}